{"id":1703,"date":"2022-02-13T18:09:12","date_gmt":"2022-02-13T17:09:12","guid":{"rendered":"https:\/\/pat15.net\/?p=1703"},"modified":"2024-07-09T20:23:33","modified_gmt":"2024-07-09T18:23:33","slug":"fotografia-slubna","status":"publish","type":"page","link":"https:\/\/pat15.net\/pl\/fotografia\/fotografia-slubna\/","title":{"rendered":"Fotografia \u015blubna"},"content":{"rendered":"\t\t<div data-elementor-type=\"wp-post\" data-elementor-id=\"1703\" class=\"elementor elementor-1703\" data-elementor-post-type=\"page\">\n\t\t\t\t\t\t<section class=\"elementor-section elementor-top-section elementor-element elementor-element-4d9588ed elementor-section-boxed elementor-section-height-default elementor-section-height-default\" data-id=\"4d9588ed\" data-element_type=\"section\" data-e-type=\"section\">\n\t\t\t\t\t\t<div class=\"elementor-container elementor-column-gap-default\">\n\t\t\t\t\t<div class=\"elementor-column elementor-col-100 elementor-top-column elementor-element elementor-element-69ea8966\" data-id=\"69ea8966\" data-element_type=\"column\" data-e-type=\"column\">\n\t\t\t<div class=\"elementor-widget-wrap elementor-element-populated\">\n\t\t\t\t\t\t<div class=\"elementor-element elementor-element-667e59a4 elementor-widget elementor-widget-text-editor\" data-id=\"667e59a4\" data-element_type=\"widget\" data-e-type=\"widget\" data-widget_type=\"text-editor.default\">\n\t\t\t\t<div class=\"elementor-widget-container\">\n\t\t\t\t\t\t\t\t\t<p>Moment na\u0142o\u017cenia obr\u0105czek, przysi\u0119gi ma\u0142\u017ce\u0144skiej czy zabawa weselna zdarzaj\u0105 si\u0119 raz w \u017cyciu.<\/p><p>\u00a0<\/p><p>Cieszy nas fakt, \u017ce wielu nowo\u017ce\u0144c\u00f3w postanowi\u0142o zaufa\u0107 naszej firmie i dokumentacj\u0119 dnia w kt\u00f3rym rozpoczyna si\u0119 wsp\u00f3lne \u017cycie zleci\u0107 w\u0142a\u015bnie nam.<br \/>Staramy si\u0119 aby \u015blubne fotografie by\u0142y niebanalne.<br \/>Nie zdarzy\u0142o nam si\u0119, \u017ceby \u015blubne sesje fotograficzne wygl\u0105da\u0142y tak samo i by\u0142y zrobione w jednym miejscu.<\/p>\t\t\t\t\t\t\t\t<\/div>\n\t\t\t\t<\/div>\n\t\t\t\t\t<\/div>\n\t\t<\/div>\n\t\t\t\t\t<\/div>\n\t\t<\/section>\n\t\t\t\t<section class=\"elementor-section elementor-top-section elementor-element elementor-element-7059546d elementor-section-boxed elementor-section-height-default elementor-section-height-default\" data-id=\"7059546d\" data-element_type=\"section\" data-e-type=\"section\">\n\t\t\t\t\t\t<div class=\"elementor-container elementor-column-gap-default\">\n\t\t\t\t\t<div class=\"elementor-column elementor-col-100 elementor-top-column elementor-element elementor-element-12d45188\" data-id=\"12d45188\" data-element_type=\"column\" data-e-type=\"column\">\n\t\t\t<div class=\"elementor-widget-wrap elementor-element-populated\">\n\t\t\t\t\t\t<div class=\"elementor-element elementor-element-17464f3d elementor-blockquote--skin-border elementor-widget elementor-widget-blockquote\" data-id=\"17464f3d\" data-element_type=\"widget\" data-e-type=\"widget\" data-widget_type=\"blockquote.default\">\n\t\t\t\t<div class=\"elementor-widget-container\">\n\t\t\t\t\t\t\t<blockquote class=\"elementor-blockquote\">\n\t\t\t<p class=\"elementor-blockquote__content\">\n\t\t\t\tTradycyjne \u015blubne fotografie przechodz\u0105 ju\u017c do lamusa. Zdj\u0119cie na autostradzie, czy w sianie w sukni \u015blubnej ju\u017c nikogo nie dziwi. Nowo\u017ce\u0144cy uwieczniaj\u0105 pocz\u0105tek swojego ma\u0142\u017ce\u0144stwa w wysokich g\u00f3rach, nad morzem, czy maluj\u0105c graffiti w uroczystych strojach \u015blubnych. Zdarza si\u0119 te\u017c sesja pod os\u0142on\u0105 po\u015blubnej nocy\u2026\n<br>\n[...]\n<br>\nO tym, \u017ce dzi\u015b trzeba mie\u0107 pomys\u0142 na \u015blubne zdj\u0119cia wie te\u017c Patryk K\u0142oda. - Zdj\u0119cia w studiu fotograficznym praktycznie s\u0105 ju\u017c rzadko\u015bci\u0105. M\u0142odzi ma\u0142\u017conkowie najcz\u0119\u015bciej wybieraj\u0105 plenery, ale sko\u0144czy\u0142y si\u0119 ju\u017c czasy kiedy wszyscy chcieli mie\u0107 zdj\u0119cia na Wzg\u00f3rzu Zamkowym w Cieszynie. Teraz nowo\u017ce\u0144cy wybieraj\u0105 si\u0119 na przyk\u0142ad pod \u015bcian\u0119 na kt\u00f3rej tworz\u0105 graffiti, zdj\u0119cia robi si\u0119 te\u017c przy drodze, czy w szczeg\u00f3lnym dla pa\u0144stwa m\u0142odych miejscu niekoniecznie najurokliwszym. Dlatego te\u017c bardzo wa\u017cna jest rozmowa przed sam\u0105 sesj\u0105. Czasem narzeczeni nie maj\u0105 pomys\u0142u na sesj\u0119, wtedy ja pytam gdzie si\u0119 poznali, co lubi\u0105 robi\u0107 i tak powstaj\u0105 ca\u0142kiem ciekawe zdj\u0119cia np. w g\u00f3rach, na ska\u0142ach, czy w stadninie koni - Jak przyznaje Patryk K\u0142oda do tej pory propozycji aby uwieczni\u0107 noc po\u015blubn\u0105 nie mia\u0142, ale i z tym nie b\u0119dzie problemu. - Wiem, \u017ce jest trend na \u015bmia\u0142e fotki, kt\u00f3re ma\u0142\u017conkowie maj\u0105 tylko dla siebie, albo wieszaj\u0105 w swojej sypialni. Do takiej sesji trzeba si\u0119 specjalnie przygotowa\u0107, z tym akurat nie b\u0119dzie problemu. Wa\u017cne jest te\u017c wyczucie granicy po miedzy aktem a pornografi\u0105 - dodaje Patryk K\u0142oda.\n<br>\n[...]\n<br>\n(stycze\u0144 2010)\nArtyku\u0142 o naszej dzia\u0142alno\u015bci na Portalu \u015al\u0105ska Cieszy\u0144skiego OX.pl :\t\t\t<\/p>\n\t\t\t\t\t\t\t<div class=\"e-q-footer\">\n\t\t\t\t\t\t\t\t\t\t\t<cite class=\"elementor-blockquote__author\">Dorota Kochman<\/cite>\n\t\t\t\t\t\t\t\t\t\t\t\t\t\t<\/div>\n\t\t\t\t\t<\/blockquote>\n\t\t\t\t\t\t<\/div>\n\t\t\t\t<\/div>\n\t\t\t\t\t<\/div>\n\t\t<\/div>\n\t\t\t\t\t<\/div>\n\t\t<\/section>\n\t\t\t\t<section class=\"elementor-section elementor-top-section elementor-element elementor-element-6aee66dd elementor-section-boxed elementor-section-height-default elementor-section-height-default\" data-id=\"6aee66dd\" data-element_type=\"section\" data-e-type=\"section\">\n\t\t\t\t\t\t<div class=\"elementor-container elementor-column-gap-default\">\n\t\t\t\t\t<div class=\"elementor-column elementor-col-100 elementor-top-column elementor-element elementor-element-6c15f018\" data-id=\"6c15f018\" data-element_type=\"column\" data-e-type=\"column\">\n\t\t\t<div class=\"elementor-widget-wrap elementor-element-populated\">\n\t\t\t\t\t\t<div class=\"elementor-element elementor-element-d017daa elementor-widget elementor-widget-template\" data-id=\"d017daa\" data-element_type=\"widget\" data-e-type=\"widget\" data-widget_type=\"template.default\">\n\t\t\t\t<div class=\"elementor-widget-container\">\n\t\t\t\t\t\t\t<div class=\"elementor-template\">\n\t\t\t\t\t<div data-elementor-type=\"page\" data-elementor-id=\"758\" class=\"elementor elementor-758\" data-elementor-post-type=\"elementor_library\">\n\t\t\t\t\t\t<section class=\"elementor-section elementor-top-section elementor-element elementor-element-191a5ff4 elementor-section-stretched elementor-section-boxed elementor-section-height-default elementor-section-height-default\" data-id=\"191a5ff4\" data-element_type=\"section\" data-e-type=\"section\" data-settings=\"{&quot;stretch_section&quot;:&quot;section-stretched&quot;,&quot;background_background&quot;:&quot;classic&quot;}\">\n\t\t\t\t\t\t<div class=\"elementor-container elementor-column-gap-default\">\n\t\t\t\t\t<div class=\"elementor-column elementor-col-100 elementor-top-column elementor-element elementor-element-6b28dfa4\" data-id=\"6b28dfa4\" data-element_type=\"column\" data-e-type=\"column\">\n\t\t\t<div class=\"elementor-widget-wrap elementor-element-populated\">\n\t\t\t\t\t\t<section class=\"elementor-section elementor-inner-section elementor-element elementor-element-3e4fb2ce elementor-section-content-middle elementor-section-boxed elementor-section-height-default elementor-section-height-default\" data-id=\"3e4fb2ce\" data-element_type=\"section\" data-e-type=\"section\">\n\t\t\t\t\t\t<div class=\"elementor-container elementor-column-gap-default\">\n\t\t\t\t\t<div class=\"elementor-column elementor-col-50 elementor-inner-column elementor-element elementor-element-1c3c9657\" data-id=\"1c3c9657\" data-element_type=\"column\" data-e-type=\"column\">\n\t\t\t<div class=\"elementor-widget-wrap elementor-element-populated\">\n\t\t\t\t\t\t<div class=\"elementor-element elementor-element-f7d7cf9 elementor-widget elementor-widget-image\" data-id=\"f7d7cf9\" data-element_type=\"widget\" data-e-type=\"widget\" data-settings=\"{&quot;motion_fx_motion_fx_scrolling&quot;:&quot;yes&quot;,&quot;motion_fx_translateY_effect&quot;:&quot;yes&quot;,&quot;motion_fx_translateY_speed&quot;:{&quot;unit&quot;:&quot;px&quot;,&quot;size&quot;:4,&quot;sizes&quot;:[]},&quot;motion_fx_translateY_affectedRange&quot;:{&quot;unit&quot;:&quot;%&quot;,&quot;size&quot;:&quot;&quot;,&quot;sizes&quot;:{&quot;start&quot;:0,&quot;end&quot;:100}},&quot;motion_fx_devices&quot;:[&quot;desktop&quot;,&quot;tablet&quot;,&quot;mobile&quot;]}\" data-widget_type=\"image.default\">\n\t\t\t\t<div class=\"elementor-widget-container\">\n\t\t\t\t\t\t\t\t\t\t\t\t\t\t\t<img fetchpriority=\"high\" decoding=\"async\" width=\"814\" height=\"828\" src=\"https:\/\/pat15.net\/wp-content\/uploads\/2022\/02\/wkrotce.png\" class=\"attachment-large size-large wp-image-234\" alt=\"\" srcset=\"https:\/\/pat15.net\/wp-content\/uploads\/2022\/02\/wkrotce.png 814w, https:\/\/pat15.net\/wp-content\/uploads\/2022\/02\/wkrotce-295x300.png 295w, https:\/\/pat15.net\/wp-content\/uploads\/2022\/02\/wkrotce-768x781.png 768w\" sizes=\"(max-width: 814px) 100vw, 814px\" \/>\t\t\t\t\t\t\t\t\t\t\t\t\t\t\t<\/div>\n\t\t\t\t<\/div>\n\t\t\t\t\t<\/div>\n\t\t<\/div>\n\t\t\t\t<div class=\"elementor-column elementor-col-50 elementor-inner-column elementor-element elementor-element-1c7ecdf6\" data-id=\"1c7ecdf6\" data-element_type=\"column\" data-e-type=\"column\" data-settings=\"{&quot;motion_fx_motion_fx_scrolling&quot;:&quot;yes&quot;,&quot;motion_fx_translateY_effect&quot;:&quot;yes&quot;,&quot;motion_fx_translateY_direction&quot;:&quot;negative&quot;,&quot;motion_fx_translateY_speed&quot;:{&quot;unit&quot;:&quot;px&quot;,&quot;size&quot;:2,&quot;sizes&quot;:[]},&quot;motion_fx_translateY_affectedRange&quot;:{&quot;unit&quot;:&quot;%&quot;,&quot;size&quot;:&quot;&quot;,&quot;sizes&quot;:{&quot;start&quot;:0,&quot;end&quot;:100}},&quot;motion_fx_devices&quot;:[&quot;desktop&quot;,&quot;tablet&quot;,&quot;mobile&quot;]}\">\n\t\t\t<div class=\"elementor-widget-wrap elementor-element-populated\">\n\t\t\t\t\t\t<div class=\"elementor-element elementor-element-2c2c6a1a elementor-widget elementor-widget-text-editor\" data-id=\"2c2c6a1a\" data-element_type=\"widget\" data-e-type=\"widget\" data-widget_type=\"text-editor.default\">\n\t\t\t\t<div class=\"elementor-widget-container\">\n\t\t\t\t\t\t\t\t\t<p>jeszcze troch\u0119&#8230;<\/p>\t\t\t\t\t\t\t\t<\/div>\n\t\t\t\t<\/div>\n\t\t\t\t<div class=\"elementor-element elementor-element-740ae5ed elementor-widget-divider--separator-type-pattern elementor-widget-divider--view-line elementor-widget elementor-widget-divider\" data-id=\"740ae5ed\" data-element_type=\"widget\" data-e-type=\"widget\" data-widget_type=\"divider.default\">\n\t\t\t\t<div class=\"elementor-widget-container\">\n\t\t\t\t\t\t\t<div class=\"elementor-divider\" style=\"--divider-pattern-url: url(&quot;data:image\/svg+xml,%3Csvg xmlns=&#039;http:\/\/www.w3.org\/2000\/svg&#039; preserveAspectRatio=&#039;none&#039; overflow=&#039;visible&#039; height=&#039;100%&#039; viewBox=&#039;0 0 24 24&#039; fill=&#039;none&#039; stroke=&#039;black&#039; stroke-width=&#039;2&#039; stroke-linecap=&#039;square&#039; stroke-miterlimit=&#039;10&#039;%3E%3Cpath d=&#039;M0,6c6,0,6,13,12,13S18,6,24,6&#039;\/%3E%3C\/svg%3E&quot;);\">\n\t\t\t<span class=\"elementor-divider-separator\">\n\t\t\t\t\t\t<\/span>\n\t\t<\/div>\n\t\t\t\t\t\t<\/div>\n\t\t\t\t<\/div>\n\t\t\t\t<div class=\"elementor-element elementor-element-1879c976 elementor-widget elementor-widget-text-editor\" data-id=\"1879c976\" data-element_type=\"widget\" data-e-type=\"widget\" data-widget_type=\"text-editor.default\">\n\t\t\t\t<div class=\"elementor-widget-container\">\n\t\t\t\t\t\t\t\t\t<p>w\u0142a\u015bnie ko\u0144czymy uzupe\u0142nia\u0107 tre\u015b\u0107, aby m\u00f3c w pe\u0142ni zaprezentowa\u0107 Tobie ten dzia\u0142&#8230;<\/p>\t\t\t\t\t\t\t\t<\/div>\n\t\t\t\t<\/div>\n\t\t\t\t\t<\/div>\n\t\t<\/div>\n\t\t\t\t\t<\/div>\n\t\t<\/section>\n\t\t\t\t\t<\/div>\n\t\t<\/div>\n\t\t\t\t\t<\/div>\n\t\t<\/section>\n\t\t\t\t<\/div>\n\t\t\t\t<\/div>\n\t\t\t\t\t\t<\/div>\n\t\t\t\t<\/div>\n\t\t\t\t\t<\/div>\n\t\t<\/div>\n\t\t\t\t\t<\/div>\n\t\t<\/section>\n\t\t\t\t<\/div>\n\t\t","protected":false},"excerpt":{"rendered":"<p>Moment na\u0142o\u017cenia obr\u0105czek, przysi\u0119gi ma\u0142\u017ce\u0144skiej czy zabawa weselna zdarzaj\u0105 si\u0119 raz w \u017cyciu. Cieszy nas fakt, \u017ce wielu nowo\u017ce\u0144c\u00f3w postanowi\u0142o zaufa\u0107 naszej firmie i dokumentacj\u0119 dnia w kt\u00f3rym rozpoczyna si\u0119 wsp\u00f3lne \u017cycie zleci\u0107 w\u0142a\u015bnie nam. Staramy si\u0119 aby \u015blubne fotografie by\u0142y niebanalne. Nie zdarzy\u0142o nam si\u0119, \u017ceby \u015blubne sesje fotograficzne wygl\u0105da\u0142y tak samo i by\u0142y [&hellip;]<\/p>\n","protected":false},"author":1,"featured_media":0,"parent":1425,"menu_order":0,"comment_status":"open","ping_status":"closed","template":"elementor_header_footer","meta":{"ocean_post_layout":"","ocean_both_sidebars_style":"","ocean_both_sidebars_content_width":0,"ocean_both_sidebars_sidebars_width":0,"ocean_sidebar":"0","ocean_second_sidebar":"0","ocean_disable_margins":"enable","ocean_add_body_class":"","ocean_shortcode_before_top_bar":"","ocean_shortcode_after_top_bar":"","ocean_shortcode_before_header":"","ocean_shortcode_after_header":"","ocean_has_shortcode":"","ocean_shortcode_after_title":"","ocean_shortcode_before_footer_widgets":"","ocean_shortcode_after_footer_widgets":"","ocean_shortcode_before_footer_bottom":"","ocean_shortcode_after_footer_bottom":"","ocean_display_top_bar":"default","ocean_display_header":"default","ocean_header_style":"","ocean_center_header_left_menu":"0","ocean_custom_header_template":"0","ocean_custom_logo":0,"ocean_custom_retina_logo":0,"ocean_custom_logo_max_width":0,"ocean_custom_logo_tablet_max_width":0,"ocean_custom_logo_mobile_max_width":0,"ocean_custom_logo_max_height":0,"ocean_custom_logo_tablet_max_height":0,"ocean_custom_logo_mobile_max_height":0,"ocean_header_custom_menu":"0","ocean_menu_typo_font_family":"0","ocean_menu_typo_font_subset":"","ocean_menu_typo_font_size":0,"ocean_menu_typo_font_size_tablet":0,"ocean_menu_typo_font_size_mobile":0,"ocean_menu_typo_font_size_unit":"px","ocean_menu_typo_font_weight":"","ocean_menu_typo_font_weight_tablet":"","ocean_menu_typo_font_weight_mobile":"","ocean_menu_typo_transform":"","ocean_menu_typo_transform_tablet":"","ocean_menu_typo_transform_mobile":"","ocean_menu_typo_line_height":0,"ocean_menu_typo_line_height_tablet":0,"ocean_menu_typo_line_height_mobile":0,"ocean_menu_typo_line_height_unit":"","ocean_menu_typo_spacing":0,"ocean_menu_typo_spacing_tablet":0,"ocean_menu_typo_spacing_mobile":0,"ocean_menu_typo_spacing_unit":"","ocean_menu_link_color":"","ocean_menu_link_color_hover":"","ocean_menu_link_color_active":"","ocean_menu_link_background":"","ocean_menu_link_hover_background":"","ocean_menu_link_active_background":"","ocean_menu_social_links_bg":"","ocean_menu_social_hover_links_bg":"","ocean_menu_social_links_color":"","ocean_menu_social_hover_links_color":"","ocean_disable_title":"default","ocean_disable_heading":"default","ocean_post_title":"","ocean_post_subheading":"","ocean_post_title_style":"","ocean_post_title_background_color":"","ocean_post_title_background":0,"ocean_post_title_bg_image_position":"","ocean_post_title_bg_image_attachment":"","ocean_post_title_bg_image_repeat":"","ocean_post_title_bg_image_size":"","ocean_post_title_height":0,"ocean_post_title_bg_overlay":0.5,"ocean_post_title_bg_overlay_color":"","ocean_disable_breadcrumbs":"default","ocean_breadcrumbs_color":"","ocean_breadcrumbs_separator_color":"","ocean_breadcrumbs_links_color":"","ocean_breadcrumbs_links_hover_color":"","ocean_display_footer_widgets":"default","ocean_display_footer_bottom":"default","ocean_custom_footer_template":"0","footnotes":""},"categories":[26],"tags":[],"class_list":["post-1703","page","type-page","status-publish","hentry","category-fotografia","entry"],"yoast_head":"<!-- This site is optimized with the Yoast SEO Premium plugin v27.3 (Yoast SEO v27.3) - https:\/\/yoast.com\/product\/yoast-seo-premium-wordpress\/ -->\n<title>Fotografia \u015blubna - pat15.net<\/title>\n<meta name=\"robots\" content=\"index, follow, max-snippet:-1, max-image-preview:large, max-video-preview:-1\" \/>\n<link rel=\"canonical\" href=\"https:\/\/pat15.net\/pl\/fotografia\/fotografia-slubna\/\" \/>\n<meta property=\"og:locale\" content=\"pl_PL\" \/>\n<meta property=\"og:type\" content=\"article\" \/>\n<meta property=\"og:title\" content=\"Fotografia \u015blubna\" \/>\n<meta property=\"og:description\" content=\"Moment na\u0142o\u017cenia obr\u0105czek, przysi\u0119gi ma\u0142\u017ce\u0144skiej czy zabawa weselna zdarzaj\u0105 si\u0119 raz w \u017cyciu. Cieszy nas fakt, \u017ce wielu nowo\u017ce\u0144c\u00f3w postanowi\u0142o zaufa\u0107 naszej firmie i dokumentacj\u0119 dnia w kt\u00f3rym rozpoczyna si\u0119 wsp\u00f3lne \u017cycie zleci\u0107 w\u0142a\u015bnie nam. Staramy si\u0119 aby \u015blubne fotografie by\u0142y niebanalne. Nie zdarzy\u0142o nam si\u0119, \u017ceby \u015blubne sesje fotograficzne wygl\u0105da\u0142y tak samo i by\u0142y [&hellip;]\" \/>\n<meta property=\"og:url\" content=\"https:\/\/pat15.net\/pl\/fotografia\/fotografia-slubna\/\" \/>\n<meta property=\"og:site_name\" content=\"pat15.net\" \/>\n<meta property=\"article:publisher\" content=\"https:\/\/www.facebook.com\/pat15.net\" \/>\n<meta property=\"article:modified_time\" content=\"2024-07-09T18:23:33+00:00\" \/>\n<meta name=\"twitter:card\" content=\"summary_large_image\" \/>\n<meta name=\"twitter:label1\" content=\"Szacowany czas czytania\" \/>\n\t<meta name=\"twitter:data1\" content=\"1 minuta\" \/>\n<script type=\"application\/ld+json\" class=\"yoast-schema-graph\">{\"@context\":\"https:\\\/\\\/schema.org\",\"@graph\":[{\"@type\":\"WebPage\",\"@id\":\"https:\\\/\\\/pat15.net\\\/fotografia\\\/fotografia-slubna\\\/\",\"url\":\"https:\\\/\\\/pat15.net\\\/fotografia\\\/fotografia-slubna\\\/\",\"name\":\"Fotografia \u015blubna - pat15.net\",\"isPartOf\":{\"@id\":\"https:\\\/\\\/pat15.net\\\/#website\"},\"datePublished\":\"2022-02-13T17:09:12+00:00\",\"dateModified\":\"2024-07-09T18:23:33+00:00\",\"breadcrumb\":{\"@id\":\"https:\\\/\\\/pat15.net\\\/fotografia\\\/fotografia-slubna\\\/#breadcrumb\"},\"inLanguage\":\"pl-PL\",\"potentialAction\":[{\"@type\":\"ReadAction\",\"target\":[\"https:\\\/\\\/pat15.net\\\/fotografia\\\/fotografia-slubna\\\/\"]}]},{\"@type\":\"BreadcrumbList\",\"@id\":\"https:\\\/\\\/pat15.net\\\/fotografia\\\/fotografia-slubna\\\/#breadcrumb\",\"itemListElement\":[{\"@type\":\"ListItem\",\"position\":1,\"name\":\"Strona g\u0142\u00f3wna\",\"item\":\"https:\\\/\\\/pat15.net\\\/\"},{\"@type\":\"ListItem\",\"position\":2,\"name\":\"Fotografia\",\"item\":\"https:\\\/\\\/pat15.net\\\/pl\\\/fotografia\\\/\"},{\"@type\":\"ListItem\",\"position\":3,\"name\":\"Fotografia \u015blubna\"}]},{\"@type\":\"WebSite\",\"@id\":\"https:\\\/\\\/pat15.net\\\/#website\",\"url\":\"https:\\\/\\\/pat15.net\\\/\",\"name\":\"pat15.net\",\"description\":\"Obs\u0142uga informatyczna firm, systemy alarmowe oraz monitoring, agencja reklamowa\",\"publisher\":{\"@id\":\"https:\\\/\\\/pat15.net\\\/#organization\"},\"potentialAction\":[{\"@type\":\"SearchAction\",\"target\":{\"@type\":\"EntryPoint\",\"urlTemplate\":\"https:\\\/\\\/pat15.net\\\/?s={search_term_string}\"},\"query-input\":{\"@type\":\"PropertyValueSpecification\",\"valueRequired\":true,\"valueName\":\"search_term_string\"}}],\"inLanguage\":\"pl-PL\"},{\"@type\":[\"Organization\",\"Place\"],\"@id\":\"https:\\\/\\\/pat15.net\\\/#organization\",\"name\":\"pat15.net\",\"url\":\"https:\\\/\\\/pat15.net\\\/\",\"logo\":{\"@id\":\"https:\\\/\\\/pat15.net\\\/fotografia\\\/fotografia-slubna\\\/#local-main-organization-logo\"},\"image\":{\"@id\":\"https:\\\/\\\/pat15.net\\\/fotografia\\\/fotografia-slubna\\\/#local-main-organization-logo\"},\"sameAs\":[\"https:\\\/\\\/www.facebook.com\\\/pat15.net\"],\"legalName\":\"pat15.net\",\"address\":{\"@id\":\"https:\\\/\\\/pat15.net\\\/fotografia\\\/fotografia-slubna\\\/#local-main-place-address\"},\"geo\":{\"@type\":\"GeoCoordinates\",\"latitude\":\"49.737195317596075\",\"longitude\":\"18.740840304618835\"},\"telephone\":[\"+48334861616\"],\"openingHoursSpecification\":[{\"@type\":\"OpeningHoursSpecification\",\"dayOfWeek\":[\"Monday\",\"Tuesday\",\"Wednesday\",\"Thursday\",\"Friday\",\"Saturday\",\"Sunday\"],\"opens\":\"08:00\",\"closes\":\"16:00\"}],\"email\":\"biuro@pat15.net\",\"vatID\":\"PL5482727104\",\"taxID\":\"5482727104\",\"globalLocationNumber\":\"5904063873005\"},{\"@type\":\"PostalAddress\",\"@id\":\"https:\\\/\\\/pat15.net\\\/fotografia\\\/fotografia-slubna\\\/#local-main-place-address\",\"streetAddress\":\"ul. Wolno\u015bci 15\",\"addressLocality\":\"Golesz\u00f3w\",\"postalCode\":\"43-440\",\"addressRegion\":\"\u015al\u0105skie\",\"addressCountry\":\"PL\"},{\"@type\":\"ImageObject\",\"inLanguage\":\"pl-PL\",\"@id\":\"https:\\\/\\\/pat15.net\\\/fotografia\\\/fotografia-slubna\\\/#local-main-organization-logo\",\"url\":\"https:\\\/\\\/pat15.net\\\/wp-content\\\/uploads\\\/2022\\\/02\\\/logo_pat_www.png\",\"contentUrl\":\"https:\\\/\\\/pat15.net\\\/wp-content\\\/uploads\\\/2022\\\/02\\\/logo_pat_www.png\",\"width\":300,\"height\":125,\"caption\":\"pat15.net\"}]}<\/script>\n<meta name=\"geo.placename\" content=\"Golesz\u00f3w\" \/>\n<meta name=\"geo.position\" content=\"49.737195317596075;18.740840304618835\" \/>\n<meta name=\"geo.region\" content=\"Polska\" \/>\n<!-- \/ Yoast SEO Premium plugin. -->","yoast_head_json":{"title":"Fotografia \u015blubna - pat15.net","robots":{"index":"index","follow":"follow","max-snippet":"max-snippet:-1","max-image-preview":"max-image-preview:large","max-video-preview":"max-video-preview:-1"},"canonical":"https:\/\/pat15.net\/pl\/fotografia\/fotografia-slubna\/","og_locale":"pl_PL","og_type":"article","og_title":"Fotografia \u015blubna","og_description":"Moment na\u0142o\u017cenia obr\u0105czek, przysi\u0119gi ma\u0142\u017ce\u0144skiej czy zabawa weselna zdarzaj\u0105 si\u0119 raz w \u017cyciu. Cieszy nas fakt, \u017ce wielu nowo\u017ce\u0144c\u00f3w postanowi\u0142o zaufa\u0107 naszej firmie i dokumentacj\u0119 dnia w kt\u00f3rym rozpoczyna si\u0119 wsp\u00f3lne \u017cycie zleci\u0107 w\u0142a\u015bnie nam. Staramy si\u0119 aby \u015blubne fotografie by\u0142y niebanalne. Nie zdarzy\u0142o nam si\u0119, \u017ceby \u015blubne sesje fotograficzne wygl\u0105da\u0142y tak samo i by\u0142y [&hellip;]","og_url":"https:\/\/pat15.net\/pl\/fotografia\/fotografia-slubna\/","og_site_name":"pat15.net","article_publisher":"https:\/\/www.facebook.com\/pat15.net","article_modified_time":"2024-07-09T18:23:33+00:00","twitter_card":"summary_large_image","twitter_misc":{"Szacowany czas czytania":"1 minuta"},"schema":{"@context":"https:\/\/schema.org","@graph":[{"@type":"WebPage","@id":"https:\/\/pat15.net\/fotografia\/fotografia-slubna\/","url":"https:\/\/pat15.net\/fotografia\/fotografia-slubna\/","name":"Fotografia \u015blubna - pat15.net","isPartOf":{"@id":"https:\/\/pat15.net\/#website"},"datePublished":"2022-02-13T17:09:12+00:00","dateModified":"2024-07-09T18:23:33+00:00","breadcrumb":{"@id":"https:\/\/pat15.net\/fotografia\/fotografia-slubna\/#breadcrumb"},"inLanguage":"pl-PL","potentialAction":[{"@type":"ReadAction","target":["https:\/\/pat15.net\/fotografia\/fotografia-slubna\/"]}]},{"@type":"BreadcrumbList","@id":"https:\/\/pat15.net\/fotografia\/fotografia-slubna\/#breadcrumb","itemListElement":[{"@type":"ListItem","position":1,"name":"Strona g\u0142\u00f3wna","item":"https:\/\/pat15.net\/"},{"@type":"ListItem","position":2,"name":"Fotografia","item":"https:\/\/pat15.net\/pl\/fotografia\/"},{"@type":"ListItem","position":3,"name":"Fotografia \u015blubna"}]},{"@type":"WebSite","@id":"https:\/\/pat15.net\/#website","url":"https:\/\/pat15.net\/","name":"pat15.net","description":"Obs\u0142uga informatyczna firm, systemy alarmowe oraz monitoring, agencja reklamowa","publisher":{"@id":"https:\/\/pat15.net\/#organization"},"potentialAction":[{"@type":"SearchAction","target":{"@type":"EntryPoint","urlTemplate":"https:\/\/pat15.net\/?s={search_term_string}"},"query-input":{"@type":"PropertyValueSpecification","valueRequired":true,"valueName":"search_term_string"}}],"inLanguage":"pl-PL"},{"@type":["Organization","Place"],"@id":"https:\/\/pat15.net\/#organization","name":"pat15.net","url":"https:\/\/pat15.net\/","logo":{"@id":"https:\/\/pat15.net\/fotografia\/fotografia-slubna\/#local-main-organization-logo"},"image":{"@id":"https:\/\/pat15.net\/fotografia\/fotografia-slubna\/#local-main-organization-logo"},"sameAs":["https:\/\/www.facebook.com\/pat15.net"],"legalName":"pat15.net","address":{"@id":"https:\/\/pat15.net\/fotografia\/fotografia-slubna\/#local-main-place-address"},"geo":{"@type":"GeoCoordinates","latitude":"49.737195317596075","longitude":"18.740840304618835"},"telephone":["+48334861616"],"openingHoursSpecification":[{"@type":"OpeningHoursSpecification","dayOfWeek":["Monday","Tuesday","Wednesday","Thursday","Friday","Saturday","Sunday"],"opens":"08:00","closes":"16:00"}],"email":"biuro@pat15.net","vatID":"PL5482727104","taxID":"5482727104","globalLocationNumber":"5904063873005"},{"@type":"PostalAddress","@id":"https:\/\/pat15.net\/fotografia\/fotografia-slubna\/#local-main-place-address","streetAddress":"ul. Wolno\u015bci 15","addressLocality":"Golesz\u00f3w","postalCode":"43-440","addressRegion":"\u015al\u0105skie","addressCountry":"PL"},{"@type":"ImageObject","inLanguage":"pl-PL","@id":"https:\/\/pat15.net\/fotografia\/fotografia-slubna\/#local-main-organization-logo","url":"https:\/\/pat15.net\/wp-content\/uploads\/2022\/02\/logo_pat_www.png","contentUrl":"https:\/\/pat15.net\/wp-content\/uploads\/2022\/02\/logo_pat_www.png","width":300,"height":125,"caption":"pat15.net"}]},"geo.placename":"Golesz\u00f3w","geo.position":{"lat":"49.737195317596075","long":"18.740840304618835"},"geo.region":"Polska"},"_links":{"self":[{"href":"https:\/\/pat15.net\/pl\/wp-json\/wp\/v2\/pages\/1703","targetHints":{"allow":["GET"]}}],"collection":[{"href":"https:\/\/pat15.net\/pl\/wp-json\/wp\/v2\/pages"}],"about":[{"href":"https:\/\/pat15.net\/pl\/wp-json\/wp\/v2\/types\/page"}],"author":[{"embeddable":true,"href":"https:\/\/pat15.net\/pl\/wp-json\/wp\/v2\/users\/1"}],"replies":[{"embeddable":true,"href":"https:\/\/pat15.net\/pl\/wp-json\/wp\/v2\/comments?post=1703"}],"version-history":[{"count":2,"href":"https:\/\/pat15.net\/pl\/wp-json\/wp\/v2\/pages\/1703\/revisions"}],"predecessor-version":[{"id":3553,"href":"https:\/\/pat15.net\/pl\/wp-json\/wp\/v2\/pages\/1703\/revisions\/3553"}],"up":[{"embeddable":true,"href":"https:\/\/pat15.net\/pl\/wp-json\/wp\/v2\/pages\/1425"}],"wp:attachment":[{"href":"https:\/\/pat15.net\/pl\/wp-json\/wp\/v2\/media?parent=1703"}],"wp:term":[{"taxonomy":"category","embeddable":true,"href":"https:\/\/pat15.net\/pl\/wp-json\/wp\/v2\/categories?post=1703"},{"taxonomy":"post_tag","embeddable":true,"href":"https:\/\/pat15.net\/pl\/wp-json\/wp\/v2\/tags?post=1703"}],"curies":[{"name":"wp","href":"https:\/\/api.w.org\/{rel}","templated":true}]}}