{"id":3051,"date":"2023-03-11T16:04:31","date_gmt":"2023-03-11T15:04:31","guid":{"rendered":"https:\/\/pat15.net\/?page_id=3051"},"modified":"2023-03-11T16:26:09","modified_gmt":"2023-03-11T15:26:09","slug":"erkenntnisse","status":"publish","type":"page","link":"https:\/\/pat15.net\/de\/realizacje\/","title":{"rendered":"Projekte"},"content":{"rendered":"<div data-elementor-type=\"wp-page\" data-elementor-id=\"3051\" class=\"elementor elementor-3051\" data-elementor-post-type=\"page\">\n\t\t\t\t\t\t<section class=\"elementor-section elementor-top-section elementor-element elementor-element-c067605 elementor-section-boxed elementor-section-height-default elementor-section-height-default\" data-id=\"c067605\" data-element_type=\"section\" data-e-type=\"section\">\n\t\t\t\t\t\t<div class=\"elementor-container elementor-column-gap-default\">\n\t\t\t\t\t<div class=\"elementor-column elementor-col-100 elementor-top-column elementor-element elementor-element-d6885e5\" data-id=\"d6885e5\" data-element_type=\"column\" data-e-type=\"column\">\n\t\t\t<div class=\"elementor-widget-wrap elementor-element-populated\">\n\t\t\t\t\t\t<div class=\"elementor-element elementor-element-775d1cc elementor-nav-menu__align-center elementor-nav-menu--dropdown-tablet elementor-nav-menu__text-align-aside elementor-nav-menu--toggle elementor-nav-menu--burger elementor-widget elementor-widget-nav-menu\" data-id=\"775d1cc\" data-element_type=\"widget\" data-e-type=\"widget\" data-settings=\"{&quot;layout&quot;:&quot;horizontal&quot;,&quot;submenu_icon&quot;:{&quot;value&quot;:&quot;&lt;i class=\\&quot;fas fa-caret-down\\&quot; aria-hidden=\\&quot;true\\&quot;&gt;&lt;\\\/i&gt;&quot;,&quot;library&quot;:&quot;fa-solid&quot;},&quot;toggle&quot;:&quot;burger&quot;}\" data-widget_type=\"nav-menu.default\">\n\t\t\t\t<div class=\"elementor-widget-container\">\n\t\t\t\t\t\t\t\t<nav aria-label=\"Speisekarte\" class=\"elementor-nav-menu--main elementor-nav-menu__container elementor-nav-menu--layout-horizontal e--pointer-underline e--animation-fade\">\n\t\t\t\t<ul id=\"menu-1-775d1cc\" class=\"elementor-nav-menu\"><li class=\"menu-item menu-item-type-taxonomy menu-item-object-category menu-item-3027\"><a href=\"https:\/\/pat15.net\/de\/category\/portfolio\/informatyka-portfolio\/\" class=\"elementor-item\">Informationstechnologie<\/a><\/li>\n<li class=\"menu-item menu-item-type-taxonomy menu-item-object-category menu-item-3028\"><a href=\"https:\/\/pat15.net\/de\/category\/portfolio\/reklama-gadzety-reklamowe\/\" class=\"elementor-item\">Werbung, Werbegadgets<\/a><\/li>\n<li class=\"menu-item menu-item-type-taxonomy menu-item-object-category menu-item-3029\"><a href=\"https:\/\/pat15.net\/de\/category\/portfolio\/strony-www-aplikacje\/\" class=\"elementor-item\">Websites, Anwendungen<\/a><\/li>\n<\/ul>\t\t\t<\/nav>\n\t\t\t\t\t<div class=\"elementor-menu-toggle\" role=\"button\" tabindex=\"0\" aria-label=\"Men\u00fc umschalten\" aria-expanded=\"false\">\n\t\t\t<i aria-hidden=\"true\" role=\"presentation\" class=\"elementor-menu-toggle__icon--open eicon-menu-bar\"><\/i><i aria-hidden=\"true\" role=\"presentation\" class=\"elementor-menu-toggle__icon--close eicon-close\"><\/i>\t\t<\/div>\n\t\t\t\t\t<nav class=\"elementor-nav-menu--dropdown elementor-nav-menu__container\" aria-hidden=\"true\">\n\t\t\t\t<ul id=\"menu-2-775d1cc\" class=\"elementor-nav-menu\"><li class=\"menu-item menu-item-type-taxonomy menu-item-object-category menu-item-3027\"><a href=\"https:\/\/pat15.net\/de\/category\/portfolio\/informatyka-portfolio\/\" class=\"elementor-item\" tabindex=\"-1\">Informationstechnologie<\/a><\/li>\n<li class=\"menu-item menu-item-type-taxonomy menu-item-object-category menu-item-3028\"><a href=\"https:\/\/pat15.net\/de\/category\/portfolio\/reklama-gadzety-reklamowe\/\" class=\"elementor-item\" tabindex=\"-1\">Werbung, Werbegadgets<\/a><\/li>\n<li class=\"menu-item menu-item-type-taxonomy menu-item-object-category menu-item-3029\"><a href=\"https:\/\/pat15.net\/de\/category\/portfolio\/strony-www-aplikacje\/\" class=\"elementor-item\" tabindex=\"-1\">Websites, Anwendungen<\/a><\/li>\n<\/ul>\t\t\t<\/nav>\n\t\t\t\t\t\t<\/div>\n\t\t\t\t<\/div>\n\t\t\t\t<div class=\"elementor-element elementor-element-143b2ca elementor-grid-3 elementor-grid-tablet-2 elementor-grid-mobile-1 elementor-posts--thumbnail-top elementor-card-shadow-yes elementor-posts__hover-gradient elementor-widget elementor-widget-posts\" data-id=\"143b2ca\" data-element_type=\"widget\" data-e-type=\"widget\" data-settings=\"{&quot;cards_columns&quot;:&quot;3&quot;,&quot;cards_columns_tablet&quot;:&quot;2&quot;,&quot;cards_columns_mobile&quot;:&quot;1&quot;,&quot;cards_row_gap&quot;:{&quot;unit&quot;:&quot;px&quot;,&quot;size&quot;:35,&quot;sizes&quot;:[]},&quot;cards_row_gap_tablet&quot;:{&quot;unit&quot;:&quot;px&quot;,&quot;size&quot;:&quot;&quot;,&quot;sizes&quot;:[]},&quot;cards_row_gap_mobile&quot;:{&quot;unit&quot;:&quot;px&quot;,&quot;size&quot;:&quot;&quot;,&quot;sizes&quot;:[]}}\" data-widget_type=\"posts.cards\">\n\t\t\t\t<div class=\"elementor-widget-container\">\n\t\t\t\t\t\t\t<div class=\"elementor-posts-container elementor-posts elementor-posts--skin-cards elementor-grid\" role=\"list\">\n\t\t\t\t<article class=\"elementor-post elementor-grid-item post-2417 portfolio type-portfolio status-publish format-standard has-post-thumbnail hentry category-informatyka-portfolio category-reklama-gadzety-reklamowe category-strony-www-aplikacje tag-strona-internetowa tag-usk-nieruchomosci portfolio_kategoria-strony-www-aplikacje entry has-media\" role=\"listitem\">\n\t\t\t<div class=\"elementor-post__card\">\n\t\t\t\t<a class=\"elementor-post__thumbnail__link\" href=\"https:\/\/pat15.net\/de\/portfolio\/usk-biuro-nieruchomosci-strona-www\/\" tabindex=\"-1\" ><div class=\"elementor-post__thumbnail\"><img fetchpriority=\"high\" decoding=\"async\" width=\"300\" height=\"169\" src=\"https:\/\/pat15.net\/wp-content\/uploads\/2022\/03\/usk_www-300x169.jpg\" class=\"attachment-medium size-medium wp-image-2420\" alt=\"\" srcset=\"https:\/\/pat15.net\/wp-content\/uploads\/2022\/03\/usk_www-300x169.jpg 300w, https:\/\/pat15.net\/wp-content\/uploads\/2022\/03\/usk_www-1024x576.jpg 1024w, https:\/\/pat15.net\/wp-content\/uploads\/2022\/03\/usk_www-768x432.jpg 768w, https:\/\/pat15.net\/wp-content\/uploads\/2022\/03\/usk_www-1536x864.jpg 1536w, https:\/\/pat15.net\/wp-content\/uploads\/2022\/03\/usk_www.jpg 1920w\" sizes=\"(max-width: 300px) 100vw, 300px\" \/><\/div><\/a>\n\t\t\t\t<div class=\"elementor-post__badge\">Informationstechnologie<\/div>\n\t\t\t\t<div class=\"elementor-post__text\">\n\t\t\t\t<h3 class=\"elementor-post__title\">\n\t\t\t<a href=\"https:\/\/pat15.net\/de\/portfolio\/usk-biuro-nieruchomosci-strona-www\/\" >\n\t\t\t\tUSK \u2013 Website der Immobilienagentur\t\t\t<\/a>\n\t\t<\/h3>\n\t\t\t\t<div class=\"elementor-post__excerpt\">\n\t\t\t<p>F\u00fcr USK Nieruchomo\u015bci haben wir eine moderne und responsive Website erstellt, die auf aktuelle Website-Trends zugeschnitten ist. Bei der Gestaltung der Website wurde auf die kleinsten UI\/UX-Details geachtet. Empf\u00e4nglichkeit\u00a0<\/p>\n\t\t<\/div>\n\t\t\n\t\t<a class=\"elementor-post__read-more\" href=\"https:\/\/pat15.net\/de\/portfolio\/usk-biuro-nieruchomosci-strona-www\/\" aria-label=\"Lesen Sie mehr \u00fcber die Website der USK \u2013 Immobilienagentur\" tabindex=\"-1\" >\n\t\t\tMehr lesen &quot;\t\t<\/a>\n\n\t\t\t\t<\/div>\n\t\t\t\t\t<\/div>\n\t\t<\/article>\n\t\t\t\t<article class=\"elementor-post elementor-grid-item post-2337 portfolio type-portfolio status-publish format-standard has-post-thumbnail hentry category-reklama-gadzety-reklamowe tag-bannery tag-ulotki tag-usk-nieruchomosci tag-wizytowki portfolio_kategoria-reklama-poligrafia entry has-media\" role=\"listitem\">\n\t\t\t<div class=\"elementor-post__card\">\n\t\t\t\t<a class=\"elementor-post__thumbnail__link\" href=\"https:\/\/pat15.net\/de\/portfolio\/usk-nieruchomosci-urszula-kubista\/\" tabindex=\"-1\" ><div class=\"elementor-post__thumbnail\"><img decoding=\"async\" width=\"300\" height=\"300\" src=\"https:\/\/pat15.net\/wp-content\/uploads\/2022\/03\/pat15_usk-300x300.jpg\" class=\"attachment-medium size-medium wp-image-2413\" alt=\"\" srcset=\"https:\/\/pat15.net\/wp-content\/uploads\/2022\/03\/pat15_usk-300x300.jpg 300w, https:\/\/pat15.net\/wp-content\/uploads\/2022\/03\/pat15_usk-150x150.jpg 150w, https:\/\/pat15.net\/wp-content\/uploads\/2022\/03\/pat15_usk.jpg 640w\" sizes=\"(max-width: 300px) 100vw, 300px\" \/><\/div><\/a>\n\t\t\t\t<div class=\"elementor-post__badge\">Werbung, Werbegadgets<\/div>\n\t\t\t\t<div class=\"elementor-post__text\">\n\t\t\t\t<h3 class=\"elementor-post__title\">\n\t\t\t<a href=\"https:\/\/pat15.net\/de\/portfolio\/usk-nieruchomosci-urszula-kubista\/\" >\n\t\t\t\tUSK Nieruchomo\u015bci Urszula Kubista\t\t\t<\/a>\n\t\t<\/h3>\n\t\t\t\t<div class=\"elementor-post__excerpt\">\n\t\t\t<p>Wir hatten die Gelegenheit, Werbematerialien f\u00fcr USK Nieruchomo\u015bci Urszula Kubista anzufertigen, unter anderem: Werbebanner, Roll-Ups, Faltbl\u00e4tter, Visitenkarten, Firmenstempel, Werbeb\u00e4nder, Angebotsmappen.<\/p>\n\t\t<\/div>\n\t\t\n\t\t<a class=\"elementor-post__read-more\" href=\"https:\/\/pat15.net\/de\/portfolio\/usk-nieruchomosci-urszula-kubista\/\" aria-label=\"Lesen Sie mehr \u00fcber USK Nieruchomo\u015bci Urszula Kubista\" tabindex=\"-1\" >\n\t\t\tMehr lesen &quot;\t\t<\/a>\n\n\t\t\t\t<\/div>\n\t\t\t\t\t<\/div>\n\t\t<\/article>\n\t\t\t\t<\/div>\n\t\t\n\t\t\t\t\t\t<\/div>\n\t\t\t\t<\/div>\n\t\t\t\t\t<\/div>\n\t\t<\/div>\n\t\t\t\t\t<\/div>\n\t\t<\/section>\n\t\t\t\t<\/div>","protected":false},"excerpt":{"rendered":"","protected":false},"author":1,"featured_media":0,"parent":0,"menu_order":0,"comment_status":"closed","ping_status":"closed","template":"","meta":{"ocean_post_layout":"","ocean_both_sidebars_style":"","ocean_both_sidebars_content_width":0,"ocean_both_sidebars_sidebars_width":0,"ocean_sidebar":"","ocean_second_sidebar":"","ocean_disable_margins":"enable","ocean_add_body_class":"","ocean_shortcode_before_top_bar":"","ocean_shortcode_after_top_bar":"","ocean_shortcode_before_header":"","ocean_shortcode_after_header":"","ocean_has_shortcode":"","ocean_shortcode_after_title":"","ocean_shortcode_before_footer_widgets":"","ocean_shortcode_after_footer_widgets":"","ocean_shortcode_before_footer_bottom":"","ocean_shortcode_after_footer_bottom":"","ocean_display_top_bar":"default","ocean_display_header":"default","ocean_header_style":"","ocean_center_header_left_menu":"","ocean_custom_header_template":"","ocean_custom_logo":0,"ocean_custom_retina_logo":0,"ocean_custom_logo_max_width":0,"ocean_custom_logo_tablet_max_width":0,"ocean_custom_logo_mobile_max_width":0,"ocean_custom_logo_max_height":0,"ocean_custom_logo_tablet_max_height":0,"ocean_custom_logo_mobile_max_height":0,"ocean_header_custom_menu":"","ocean_menu_typo_font_family":"","ocean_menu_typo_font_subset":"","ocean_menu_typo_font_size":0,"ocean_menu_typo_font_size_tablet":0,"ocean_menu_typo_font_size_mobile":0,"ocean_menu_typo_font_size_unit":"px","ocean_menu_typo_font_weight":"","ocean_menu_typo_font_weight_tablet":"","ocean_menu_typo_font_weight_mobile":"","ocean_menu_typo_transform":"","ocean_menu_typo_transform_tablet":"","ocean_menu_typo_transform_mobile":"","ocean_menu_typo_line_height":0,"ocean_menu_typo_line_height_tablet":0,"ocean_menu_typo_line_height_mobile":0,"ocean_menu_typo_line_height_unit":"","ocean_menu_typo_spacing":0,"ocean_menu_typo_spacing_tablet":0,"ocean_menu_typo_spacing_mobile":0,"ocean_menu_typo_spacing_unit":"","ocean_menu_link_color":"","ocean_menu_link_color_hover":"","ocean_menu_link_color_active":"","ocean_menu_link_background":"","ocean_menu_link_hover_background":"","ocean_menu_link_active_background":"","ocean_menu_social_links_bg":"","ocean_menu_social_hover_links_bg":"","ocean_menu_social_links_color":"","ocean_menu_social_hover_links_color":"","ocean_disable_title":"default","ocean_disable_heading":"default","ocean_post_title":"","ocean_post_subheading":"","ocean_post_title_style":"","ocean_post_title_background_color":"","ocean_post_title_background":0,"ocean_post_title_bg_image_position":"","ocean_post_title_bg_image_attachment":"","ocean_post_title_bg_image_repeat":"","ocean_post_title_bg_image_size":"","ocean_post_title_height":0,"ocean_post_title_bg_overlay":0.5,"ocean_post_title_bg_overlay_color":"","ocean_disable_breadcrumbs":"default","ocean_breadcrumbs_color":"","ocean_breadcrumbs_separator_color":"","ocean_breadcrumbs_links_color":"","ocean_breadcrumbs_links_hover_color":"","ocean_display_footer_widgets":"default","ocean_display_footer_bottom":"default","ocean_custom_footer_template":"","footnotes":""},"categories":[],"tags":[],"class_list":["post-3051","page","type-page","status-publish","hentry","entry","has-media"],"yoast_head":"<!-- This site is optimized with the Yoast SEO Premium plugin v27.3 (Yoast SEO v27.3) - https:\/\/yoast.com\/product\/yoast-seo-premium-wordpress\/ -->\n<title>Realizacje - pat15.net<\/title>\n<meta name=\"robots\" content=\"index, follow, max-snippet:-1, max-image-preview:large, max-video-preview:-1\" \/>\n<link rel=\"canonical\" href=\"https:\/\/pat15.net\/de\/erkenntnisse\/\" \/>\n<meta property=\"og:locale\" content=\"de_DE\" \/>\n<meta property=\"og:type\" content=\"article\" \/>\n<meta property=\"og:title\" content=\"Realizacje\" \/>\n<meta property=\"og:url\" content=\"https:\/\/pat15.net\/de\/erkenntnisse\/\" \/>\n<meta property=\"og:site_name\" content=\"pat15.net\" \/>\n<meta property=\"article:publisher\" content=\"https:\/\/www.facebook.com\/pat15.net\" \/>\n<meta property=\"article:modified_time\" content=\"2023-03-11T15:26:09+00:00\" \/>\n<meta name=\"twitter:card\" content=\"summary_large_image\" \/>\n<meta name=\"twitter:label1\" content=\"Gesch\u00e4tzte Lesezeit\" \/>\n\t<meta name=\"twitter:data1\" content=\"1\u00a0Minute\" \/>\n<script type=\"application\/ld+json\" class=\"yoast-schema-graph\">{\"@context\":\"https:\\\/\\\/schema.org\",\"@graph\":[{\"@type\":\"WebPage\",\"@id\":\"https:\\\/\\\/pat15.net\\\/realizacje\\\/\",\"url\":\"https:\\\/\\\/pat15.net\\\/realizacje\\\/\",\"name\":\"Realizacje - pat15.net\",\"isPartOf\":{\"@id\":\"https:\\\/\\\/pat15.net\\\/#website\"},\"datePublished\":\"2023-03-11T15:04:31+00:00\",\"dateModified\":\"2023-03-11T15:26:09+00:00\",\"breadcrumb\":{\"@id\":\"https:\\\/\\\/pat15.net\\\/realizacje\\\/#breadcrumb\"},\"inLanguage\":\"de\",\"potentialAction\":[{\"@type\":\"ReadAction\",\"target\":[\"https:\\\/\\\/pat15.net\\\/realizacje\\\/\"]}]},{\"@type\":\"BreadcrumbList\",\"@id\":\"https:\\\/\\\/pat15.net\\\/realizacje\\\/#breadcrumb\",\"itemListElement\":[{\"@type\":\"ListItem\",\"position\":1,\"name\":\"Strona g\u0142\u00f3wna\",\"item\":\"https:\\\/\\\/pat15.net\\\/\"},{\"@type\":\"ListItem\",\"position\":2,\"name\":\"Realizacje\"}]},{\"@type\":\"WebSite\",\"@id\":\"https:\\\/\\\/pat15.net\\\/#website\",\"url\":\"https:\\\/\\\/pat15.net\\\/\",\"name\":\"pat15.net\",\"description\":\"Obs\u0142uga informatyczna firm, systemy alarmowe oraz monitoring, agencja reklamowa\",\"publisher\":{\"@id\":\"https:\\\/\\\/pat15.net\\\/#organization\"},\"potentialAction\":[{\"@type\":\"SearchAction\",\"target\":{\"@type\":\"EntryPoint\",\"urlTemplate\":\"https:\\\/\\\/pat15.net\\\/?s={search_term_string}\"},\"query-input\":{\"@type\":\"PropertyValueSpecification\",\"valueRequired\":true,\"valueName\":\"search_term_string\"}}],\"inLanguage\":\"de\"},{\"@type\":[\"Organization\",\"Place\"],\"@id\":\"https:\\\/\\\/pat15.net\\\/#organization\",\"name\":\"pat15.net\",\"url\":\"https:\\\/\\\/pat15.net\\\/\",\"logo\":{\"@id\":\"https:\\\/\\\/pat15.net\\\/realizacje\\\/#local-main-organization-logo\"},\"image\":{\"@id\":\"https:\\\/\\\/pat15.net\\\/realizacje\\\/#local-main-organization-logo\"},\"sameAs\":[\"https:\\\/\\\/www.facebook.com\\\/pat15.net\"],\"legalName\":\"pat15.net\",\"address\":{\"@id\":\"https:\\\/\\\/pat15.net\\\/realizacje\\\/#local-main-place-address\"},\"geo\":{\"@type\":\"GeoCoordinates\",\"latitude\":\"49.737195317596075\",\"longitude\":\"18.740840304618835\"},\"telephone\":[\"+48334861616\"],\"openingHoursSpecification\":[{\"@type\":\"OpeningHoursSpecification\",\"dayOfWeek\":[\"Monday\",\"Tuesday\",\"Wednesday\",\"Thursday\",\"Friday\",\"Saturday\",\"Sunday\"],\"opens\":\"08:00\",\"closes\":\"16:00\"}],\"email\":\"biuro@pat15.net\",\"vatID\":\"PL5482727104\",\"taxID\":\"5482727104\",\"globalLocationNumber\":\"5904063873005\"},{\"@type\":\"PostalAddress\",\"@id\":\"https:\\\/\\\/pat15.net\\\/realizacje\\\/#local-main-place-address\",\"streetAddress\":\"ul. Wolno\u015bci 15\",\"addressLocality\":\"Golesz\u00f3w\",\"postalCode\":\"43-440\",\"addressRegion\":\"\u015al\u0105skie\",\"addressCountry\":\"PL\"},{\"@type\":\"ImageObject\",\"inLanguage\":\"de\",\"@id\":\"https:\\\/\\\/pat15.net\\\/realizacje\\\/#local-main-organization-logo\",\"url\":\"https:\\\/\\\/pat15.net\\\/wp-content\\\/uploads\\\/2022\\\/02\\\/logo_pat_www.png\",\"contentUrl\":\"https:\\\/\\\/pat15.net\\\/wp-content\\\/uploads\\\/2022\\\/02\\\/logo_pat_www.png\",\"width\":300,\"height\":125,\"caption\":\"pat15.net\"}]}<\/script>\n<meta name=\"geo.placename\" content=\"Golesz\u00f3w\" \/>\n<meta name=\"geo.position\" content=\"49.737195317596075;18.740840304618835\" \/>\n<meta name=\"geo.region\" content=\"Polen\" \/>\n<!-- \/ Yoast SEO Premium plugin. -->","yoast_head_json":{"title":"Projekte - pat15.net","robots":{"index":"index","follow":"follow","max-snippet":"max-snippet:-1","max-image-preview":"max-image-preview:large","max-video-preview":"max-video-preview:-1"},"canonical":"https:\/\/pat15.net\/de\/erkenntnisse\/","og_locale":"de_DE","og_type":"article","og_title":"Realizacje","og_url":"https:\/\/pat15.net\/de\/erkenntnisse\/","og_site_name":"pat15.net","article_publisher":"https:\/\/www.facebook.com\/pat15.net","article_modified_time":"2023-03-11T15:26:09+00:00","twitter_card":"summary_large_image","twitter_misc":{"Gesch\u00e4tzte Lesezeit":"1\u00a0Minute"},"schema":{"@context":"https:\/\/schema.org","@graph":[{"@type":"WebPage","@id":"https:\/\/pat15.net\/realizacje\/","url":"https:\/\/pat15.net\/realizacje\/","name":"Projekte - pat15.net","isPartOf":{"@id":"https:\/\/pat15.net\/#website"},"datePublished":"2023-03-11T15:04:31+00:00","dateModified":"2023-03-11T15:26:09+00:00","breadcrumb":{"@id":"https:\/\/pat15.net\/realizacje\/#breadcrumb"},"inLanguage":"de","potentialAction":[{"@type":"ReadAction","target":["https:\/\/pat15.net\/realizacje\/"]}]},{"@type":"BreadcrumbList","@id":"https:\/\/pat15.net\/realizacje\/#breadcrumb","itemListElement":[{"@type":"ListItem","position":1,"name":"Strona g\u0142\u00f3wna","item":"https:\/\/pat15.net\/"},{"@type":"ListItem","position":2,"name":"Realizacje"}]},{"@type":"WebSite","@id":"https:\/\/pat15.net\/#website","url":"https:\/\/pat15.net\/","name":"pat15.net","description":"IT-Dienstleistungen f\u00fcr Unternehmen, Alarmanlagen und \u00dcberwachung, Werbeagentur","publisher":{"@id":"https:\/\/pat15.net\/#organization"},"potentialAction":[{"@type":"SearchAction","target":{"@type":"EntryPoint","urlTemplate":"https:\/\/pat15.net\/?s={search_term_string}"},"query-input":{"@type":"PropertyValueSpecification","valueRequired":true,"valueName":"search_term_string"}}],"inLanguage":"de"},{"@type":["Organization","Place"],"@id":"https:\/\/pat15.net\/#organization","name":"pat15.net","url":"https:\/\/pat15.net\/","logo":{"@id":"https:\/\/pat15.net\/realizacje\/#local-main-organization-logo"},"image":{"@id":"https:\/\/pat15.net\/realizacje\/#local-main-organization-logo"},"sameAs":["https:\/\/www.facebook.com\/pat15.net"],"legalName":"pat15.net","address":{"@id":"https:\/\/pat15.net\/realizacje\/#local-main-place-address"},"geo":{"@type":"GeoCoordinates","latitude":"49.737195317596075","longitude":"18.740840304618835"},"telephone":["+48334861616"],"openingHoursSpecification":[{"@type":"OpeningHoursSpecification","dayOfWeek":["Monday","Tuesday","Wednesday","Thursday","Friday","Saturday","Sunday"],"opens":"08:00","closes":"16:00"}],"email":"biuro@pat15.net","vatID":"PL5482727104","taxID":"5482727104","globalLocationNumber":"5904063873005"},{"@type":"PostalAddress","@id":"https:\/\/pat15.net\/realizacje\/#local-main-place-address","streetAddress":"ul. Wolno\u015bci 15","addressLocality":"Golesz\u00f3w","postalCode":"43-440","addressRegion":"\u015al\u0105skie","addressCountry":"PL"},{"@type":"ImageObject","inLanguage":"de","@id":"https:\/\/pat15.net\/realizacje\/#local-main-organization-logo","url":"https:\/\/pat15.net\/wp-content\/uploads\/2022\/02\/logo_pat_www.png","contentUrl":"https:\/\/pat15.net\/wp-content\/uploads\/2022\/02\/logo_pat_www.png","width":300,"height":125,"caption":"pat15.net"}]},"geo.placename":"Golesz\u00f3w","geo.position":{"lat":"49.737195317596075","long":"18.740840304618835"},"geo.region":"Polen"},"_links":{"self":[{"href":"https:\/\/pat15.net\/de\/wp-json\/wp\/v2\/pages\/3051","targetHints":{"allow":["GET"]}}],"collection":[{"href":"https:\/\/pat15.net\/de\/wp-json\/wp\/v2\/pages"}],"about":[{"href":"https:\/\/pat15.net\/de\/wp-json\/wp\/v2\/types\/page"}],"author":[{"embeddable":true,"href":"https:\/\/pat15.net\/de\/wp-json\/wp\/v2\/users\/1"}],"replies":[{"embeddable":true,"href":"https:\/\/pat15.net\/de\/wp-json\/wp\/v2\/comments?post=3051"}],"version-history":[{"count":9,"href":"https:\/\/pat15.net\/de\/wp-json\/wp\/v2\/pages\/3051\/revisions"}],"predecessor-version":[{"id":3071,"href":"https:\/\/pat15.net\/de\/wp-json\/wp\/v2\/pages\/3051\/revisions\/3071"}],"wp:attachment":[{"href":"https:\/\/pat15.net\/de\/wp-json\/wp\/v2\/media?parent=3051"}],"wp:term":[{"taxonomy":"category","embeddable":true,"href":"https:\/\/pat15.net\/de\/wp-json\/wp\/v2\/categories?post=3051"},{"taxonomy":"post_tag","embeddable":true,"href":"https:\/\/pat15.net\/de\/wp-json\/wp\/v2\/tags?post=3051"}],"curies":[{"name":"wp","href":"https:\/\/api.w.org\/{rel}","templated":true}]}}